{"id":2218,"date":"2017-08-04T19:36:14","date_gmt":"2017-08-04T19:36:14","guid":{"rendered":"https:\/\/restaurantesaborcomarte.com.br\/site\/?page_id=2218"},"modified":"2018-08-31T12:38:52","modified_gmt":"2018-08-31T12:38:52","slug":"contato","status":"publish","type":"page","link":"https:\/\/restaurantesaborcomarte.com.br\/site\/contato\/","title":{"rendered":"Contato"},"content":{"rendered":"<div class='clearfix'>\n<div class='half'>\n<h2>Informa\u00e7\u00f5es para Contato<\/h2>\n<p>Fones (12) 3971-1471 | 9 96401188 (Whats)<br \/>\nE-mail: contato@restaurantesaborcomarte.com.br<\/p>\n<h2>Localiza\u00e7\u00e3o no Google Maps<\/h2>\n<p><iframe loading=\"lazy\" style=\"border: 0;\" src=\"https:\/\/www.google.com\/maps\/embed?pb=!1m14!1m8!1m3!1d13761.314358851305!2d-45.688856635443045!3d-22.67613011425751!3m2!1i1024!2i768!4f13.1!3m3!1m2!1s0x0%3A0xcecc4bf87026eb86!2sRestaurante+Sabor+com+Arte!5e0!3m2!1sen!2sbr!4v1502458377016\" allowfullscreen=\"allowfullscreen\" width=\"100%\" height=\"450\" frameborder=\"0\"><\/iframe><\/p>\n<\/div>\n<div class='half last'>\n<h2>Formul\u00e1rio de Contato<\/h2>\n<p>Entre em contato pelo formul\u00e1rio de contato abaixo, escolha o assunto que nosso equipe responder\u00e1 o mais breve poss\u00edvel. Agradecemos seu contato.<\/p>\n\n<div class=\"wpcf7 no-js\" id=\"wpcf7-f6-o1\" lang=\"en-US\" dir=\"ltr\">\n<div class=\"screen-reader-response\"><p role=\"status\" aria-live=\"polite\" aria-atomic=\"true\"><\/p> <ul><\/ul><\/div>\n<form action=\"\/site\/wp-json\/wp\/v2\/pages\/2218#wpcf7-f6-o1\" method=\"post\" class=\"wpcf7-form init\" aria-label=\"Contact form\" novalidate=\"novalidate\" data-status=\"init\">\n<div style=\"display: none;\">\n<input type=\"hidden\" name=\"_wpcf7\" value=\"6\" \/>\n<input type=\"hidden\" name=\"_wpcf7_version\" value=\"5.8.6\" \/>\n<input type=\"hidden\" name=\"_wpcf7_locale\" value=\"en_US\" \/>\n<input type=\"hidden\" name=\"_wpcf7_unit_tag\" value=\"wpcf7-f6-o1\" \/>\n<input type=\"hidden\" name=\"_wpcf7_container_post\" value=\"0\" \/>\n<input type=\"hidden\" name=\"_wpcf7_posted_data_hash\" value=\"\" \/>\n<\/div>\n<p>Nome (obrigat\u00f3rio)\n<\/p>\n<p><span class=\"wpcf7-form-control-wrap\" data-name=\"your-name\"><input size=\"40\" class=\"wpcf7-form-control wpcf7-text wpcf7-validates-as-required\" aria-required=\"true\" aria-invalid=\"false\" value=\"\" type=\"text\" name=\"your-name\" \/><\/span>\n<\/p>\n<p>E-mail (obrigat\u00f3rio)\n<\/p>\n<p><span class=\"wpcf7-form-control-wrap\" data-name=\"your-email\"><input size=\"40\" class=\"wpcf7-form-control wpcf7-email wpcf7-validates-as-required wpcf7-text wpcf7-validates-as-email\" aria-required=\"true\" aria-invalid=\"false\" value=\"\" type=\"email\" name=\"your-email\" \/><\/span>\n<\/p>\n<p>Escolha o assunto (obrigat\u00f3rio)\n<\/p>\n<p><span class=\"wpcf7-form-control-wrap\" data-name=\"assunto\"><select class=\"wpcf7-form-control wpcf7-select wpcf7-validates-as-required\" aria-required=\"true\" aria-invalid=\"false\" name=\"assunto\"><option value=\"\">&#8212;Please choose an option&#8212;<\/option><option value=\"O Restaurante\">O Restaurante<\/option><option value=\"Os Chal\u00e9s\">Os Chal\u00e9s<\/option><option value=\"O Artesanato\">O Artesanato<\/option><\/select><\/span>\n<\/p>\n<p>Mensagem\n<\/p>\n<p><span class=\"wpcf7-form-control-wrap\" data-name=\"your-message\"><textarea cols=\"40\" rows=\"10\" class=\"wpcf7-form-control wpcf7-textarea\" aria-invalid=\"false\" name=\"your-message\"><\/textarea><\/span>\n<\/p>\n<p><input class=\"wpcf7-form-control wpcf7-submit has-spinner botao\" type=\"submit\" value=\"Enviar\" \/>\n<\/p><div class=\"wpcf7-response-output\" aria-hidden=\"true\"><\/div>\n<\/form>\n<\/div>\n\n<\/div>\n<\/div>\n","protected":false},"excerpt":{"rendered":"","protected":false},"author":1,"featured_media":0,"parent":0,"menu_order":0,"comment_status":"closed","ping_status":"closed","template":"page-full-width.php","meta":{"ngg_post_thumbnail":0,"_joinchat":[],"footnotes":""},"class_list":["post-2218","page","type-page","status-publish","hentry"],"yoast_head":"<!-- This site is optimized with the Yoast SEO plugin v21.9 - https:\/\/yoast.com\/wordpress\/plugins\/seo\/ -->\n<title>Restaurante Sabor com Arte - Contato<\/title>\n<meta name=\"description\" content=\"Entre em contato para informa\u00e7\u00f5es sobre o restaurante, os chal\u00e9s, o artesanato, reservas, opini\u00f5es e d\u00favidas. Fones: (12) 3971-1471 | 3971-1822.\" \/>\n<meta name=\"robots\" content=\"index, follow, max-snippet:-1, max-image-preview:large, max-video-preview:-1\" \/>\n<link rel=\"canonical\" href=\"https:\/\/restaurantesaborcomarte.com.br\/site\/contato\/\" \/>\n<meta property=\"og:locale\" content=\"pt_BR\" \/>\n<meta property=\"og:type\" content=\"article\" \/>\n<meta property=\"og:title\" content=\"Restaurante Sabor com Arte - Contato\" \/>\n<meta property=\"og:description\" content=\"Entre em contato para informa\u00e7\u00f5es sobre o restaurante, os chal\u00e9s, o artesanato, reservas, opini\u00f5es e d\u00favidas. Fones: (12) 3971-1471 | 3971-1822.\" \/>\n<meta property=\"og:url\" content=\"https:\/\/restaurantesaborcomarte.com.br\/site\/contato\/\" \/>\n<meta property=\"og:site_name\" content=\"Restaurante Sabor com Arte\" \/>\n<meta property=\"article:modified_time\" content=\"2018-08-31T12:38:52+00:00\" \/>\n<meta name=\"twitter:card\" content=\"summary_large_image\" \/>\n<script type=\"application\/ld+json\" class=\"yoast-schema-graph\">{\"@context\":\"https:\/\/schema.org\",\"@graph\":[{\"@type\":\"WebPage\",\"@id\":\"https:\/\/restaurantesaborcomarte.com.br\/site\/contato\/\",\"url\":\"https:\/\/restaurantesaborcomarte.com.br\/site\/contato\/\",\"name\":\"Restaurante Sabor com Arte - Contato\",\"isPartOf\":{\"@id\":\"https:\/\/restaurantesaborcomarte.com.br\/site\/#website\"},\"datePublished\":\"2017-08-04T19:36:14+00:00\",\"dateModified\":\"2018-08-31T12:38:52+00:00\",\"description\":\"Entre em contato para informa\u00e7\u00f5es sobre o restaurante, os chal\u00e9s, o artesanato, reservas, opini\u00f5es e d\u00favidas. Fones: (12) 3971-1471 | 3971-1822.\",\"breadcrumb\":{\"@id\":\"https:\/\/restaurantesaborcomarte.com.br\/site\/contato\/#breadcrumb\"},\"inLanguage\":\"pt-BR\",\"potentialAction\":[{\"@type\":\"ReadAction\",\"target\":[\"https:\/\/restaurantesaborcomarte.com.br\/site\/contato\/\"]}]},{\"@type\":\"BreadcrumbList\",\"@id\":\"https:\/\/restaurantesaborcomarte.com.br\/site\/contato\/#breadcrumb\",\"itemListElement\":[{\"@type\":\"ListItem\",\"position\":1,\"name\":\"In\u00edcio\",\"item\":\"https:\/\/restaurantesaborcomarte.com.br\/site\/\"},{\"@type\":\"ListItem\",\"position\":2,\"name\":\"Contato\"}]},{\"@type\":\"WebSite\",\"@id\":\"https:\/\/restaurantesaborcomarte.com.br\/site\/#website\",\"url\":\"https:\/\/restaurantesaborcomarte.com.br\/site\/\",\"name\":\"Restaurante Sabor com Arte\",\"description\":\"S\u00e3o Bento do Sapuca\u00ed\",\"potentialAction\":[{\"@type\":\"SearchAction\",\"target\":{\"@type\":\"EntryPoint\",\"urlTemplate\":\"https:\/\/restaurantesaborcomarte.com.br\/site\/?s={search_term_string}\"},\"query-input\":\"required name=search_term_string\"}],\"inLanguage\":\"pt-BR\"}]}<\/script>\n<!-- \/ Yoast SEO plugin. -->","yoast_head_json":{"title":"Restaurante Sabor com Arte - Contato","description":"Entre em contato para informa\u00e7\u00f5es sobre o restaurante, os chal\u00e9s, o artesanato, reservas, opini\u00f5es e d\u00favidas. Fones: (12) 3971-1471 | 3971-1822.","robots":{"index":"index","follow":"follow","max-snippet":"max-snippet:-1","max-image-preview":"max-image-preview:large","max-video-preview":"max-video-preview:-1"},"canonical":"https:\/\/restaurantesaborcomarte.com.br\/site\/contato\/","og_locale":"pt_BR","og_type":"article","og_title":"Restaurante Sabor com Arte - Contato","og_description":"Entre em contato para informa\u00e7\u00f5es sobre o restaurante, os chal\u00e9s, o artesanato, reservas, opini\u00f5es e d\u00favidas. Fones: (12) 3971-1471 | 3971-1822.","og_url":"https:\/\/restaurantesaborcomarte.com.br\/site\/contato\/","og_site_name":"Restaurante Sabor com Arte","article_modified_time":"2018-08-31T12:38:52+00:00","twitter_card":"summary_large_image","schema":{"@context":"https:\/\/schema.org","@graph":[{"@type":"WebPage","@id":"https:\/\/restaurantesaborcomarte.com.br\/site\/contato\/","url":"https:\/\/restaurantesaborcomarte.com.br\/site\/contato\/","name":"Restaurante Sabor com Arte - Contato","isPartOf":{"@id":"https:\/\/restaurantesaborcomarte.com.br\/site\/#website"},"datePublished":"2017-08-04T19:36:14+00:00","dateModified":"2018-08-31T12:38:52+00:00","description":"Entre em contato para informa\u00e7\u00f5es sobre o restaurante, os chal\u00e9s, o artesanato, reservas, opini\u00f5es e d\u00favidas. Fones: (12) 3971-1471 | 3971-1822.","breadcrumb":{"@id":"https:\/\/restaurantesaborcomarte.com.br\/site\/contato\/#breadcrumb"},"inLanguage":"pt-BR","potentialAction":[{"@type":"ReadAction","target":["https:\/\/restaurantesaborcomarte.com.br\/site\/contato\/"]}]},{"@type":"BreadcrumbList","@id":"https:\/\/restaurantesaborcomarte.com.br\/site\/contato\/#breadcrumb","itemListElement":[{"@type":"ListItem","position":1,"name":"In\u00edcio","item":"https:\/\/restaurantesaborcomarte.com.br\/site\/"},{"@type":"ListItem","position":2,"name":"Contato"}]},{"@type":"WebSite","@id":"https:\/\/restaurantesaborcomarte.com.br\/site\/#website","url":"https:\/\/restaurantesaborcomarte.com.br\/site\/","name":"Restaurante Sabor com Arte","description":"S\u00e3o Bento do Sapuca\u00ed","potentialAction":[{"@type":"SearchAction","target":{"@type":"EntryPoint","urlTemplate":"https:\/\/restaurantesaborcomarte.com.br\/site\/?s={search_term_string}"},"query-input":"required name=search_term_string"}],"inLanguage":"pt-BR"}]}},"_links":{"self":[{"href":"https:\/\/restaurantesaborcomarte.com.br\/site\/wp-json\/wp\/v2\/pages\/2218","targetHints":{"allow":["GET"]}}],"collection":[{"href":"https:\/\/restaurantesaborcomarte.com.br\/site\/wp-json\/wp\/v2\/pages"}],"about":[{"href":"https:\/\/restaurantesaborcomarte.com.br\/site\/wp-json\/wp\/v2\/types\/page"}],"author":[{"embeddable":true,"href":"https:\/\/restaurantesaborcomarte.com.br\/site\/wp-json\/wp\/v2\/users\/1"}],"replies":[{"embeddable":true,"href":"https:\/\/restaurantesaborcomarte.com.br\/site\/wp-json\/wp\/v2\/comments?post=2218"}],"version-history":[{"count":11,"href":"https:\/\/restaurantesaborcomarte.com.br\/site\/wp-json\/wp\/v2\/pages\/2218\/revisions"}],"predecessor-version":[{"id":2516,"href":"https:\/\/restaurantesaborcomarte.com.br\/site\/wp-json\/wp\/v2\/pages\/2218\/revisions\/2516"}],"wp:attachment":[{"href":"https:\/\/restaurantesaborcomarte.com.br\/site\/wp-json\/wp\/v2\/media?parent=2218"}],"curies":[{"name":"wp","href":"https:\/\/api.w.org\/{rel}","templated":true}]}}